{"id":1432,"date":"2023-09-22T02:39:21","date_gmt":"2023-09-22T02:39:21","guid":{"rendered":"https:\/\/agoraemprega.seje.gov.mz\/?page_id=1432"},"modified":"2023-09-22T02:41:02","modified_gmt":"2023-09-22T02:41:02","slug":"lista-negativa-de-actividades-nao-elegiveis-para-financiamento","status":"publish","type":"page","link":"https:\/\/agoraemprega.seje.gov.mz\/?page_id=1432","title":{"rendered":"Lista (Negativa) de Actividades n\u00e3o Eleg\u00edveis para Financiamento"},"content":{"rendered":"\n<p>O Projecto foi atribu\u00eddo a Categoria C, conforme a Pol\u00edtica de Avalia\u00e7\u00e3o de Salvaguardas Ambientais do Banco Mundial. O<br>Projecto n\u00e3o vai financiar:<\/p>\n\n\n\n<ul class=\"wp-block-list\">\n<li>Nenhuma actividade que, potencialmente, pode ter impactos ambientais adversos significativos que s\u00e3o sens\u00edveis,<br>diversos, sem precedentes ou que correspondem a um projecto de Categoria A do Banco Mundial.<\/li>\n\n\n\n<li>Nenhuma actividade que pode ter um impacto ambiental irrevers\u00edvel ou significativo, ou que corresponde a um<br>projecto de Categoria B do Banco Mundial.<\/li>\n\n\n\n<li>Nenhuma actividade que acciona uma das pol\u00edticas de salvaguarda do Banco Mundial: OP\/BP 4.01 Avalia\u00e7\u00e3o<br>Ambiental, OP\/BP 4.04 Habitats Naturais, OP\/BP 4.36 Florestas, OP 4.09 Gest\u00e3o de Pragas, OP\/BP 4.11 Recursos F\u00edsicoCulturais.<\/li>\n\n\n\n<li>Nenhuma actividade que recai sobre as Categorias A+, A ou B, de acordo com o Decreto 54\/2015 (Regulamento do<br>Processo de Avalia\u00e7\u00e3o do Impacto Ambiental) ou assim determinada pela Autoridade Ambiental.<\/li>\n<\/ul>\n\n\n<div class='w3eden'><!-- WPDM Link Template: Default Template -->\n\n<div class=\"link-template-default card mb-2\">\n    <div class=\"card-body\">\n        <div class=\"media\">\n            <div class=\"mr-3 img-48\"><img decoding=\"async\" class=\"wpdm_icon\" alt=\"Icon\" src=\"https:\/\/agoraemprega.seje.gov.mz\/wp-content\/plugins\/download-manager\/assets\/file-type-icons\/pdf.svg\" \/><\/div>\n            <div class=\"media-body\">\n                <h3 class=\"package-title\"><a href='https:\/\/agoraemprega.seje.gov.mz\/?wpdmpro=anexo-iii-lista-negativa-de-actividades-nao-elegiveis-para-financiamento'>ANEXO III \u2013 Lista (Negativa) de Actividades n\u00e3o Eleg\u00edveis para Financiamento<\/a><\/h3>\n                <div class=\"text-muted text-small\"><i class=\"fas fa-copy\"><\/i> 1 file(s) <i class=\"fas fa-hdd ml-3\"><\/i> 1.74 MB<\/div>\n            <\/div>\n            <div class=\"ml-3\">\n                <a class='wpdm-download-link download-on-click btn btn-primary ' rel='nofollow' href='#' data-downloadurl=\"https:\/\/agoraemprega.seje.gov.mz\/?wpdmpro=anexo-iii-lista-negativa-de-actividades-nao-elegiveis-para-financiamento&wpdmdl=1434&refresh=69e25fce61d6e1776443342\">Download<\/a>\n            <\/div>\n        <\/div>\n    <\/div>\n<\/div>\n\n<\/div>\n","protected":false},"excerpt":{"rendered":"<p>O Projecto foi atribu\u00eddo a Categoria C, conforme a Pol\u00edtica de Avalia\u00e7\u00e3o de Salvaguardas Ambientais do Banco Mundial. OProjecto n\u00e3o vai financiar:<\/p>\n","protected":false},"author":1,"featured_media":0,"parent":0,"menu_order":0,"comment_status":"closed","ping_status":"closed","template":"","meta":{"site-sidebar-layout":"default","site-content-layout":"","ast-site-content-layout":"default","site-content-style":"default","site-sidebar-style":"default","ast-global-header-display":"","ast-banner-title-visibility":"","ast-main-header-display":"","ast-hfb-above-header-display":"","ast-hfb-below-header-display":"","ast-hfb-mobile-header-display":"","site-post-title":"","ast-breadcrumbs-content":"","ast-featured-img":"","footer-sml-layout":"","theme-transparent-header-meta":"","adv-header-id-meta":"","stick-header-meta":"","header-above-stick-meta":"","header-main-stick-meta":"","header-below-stick-meta":"","astra-migrate-meta-layouts":"default","ast-page-background-enabled":"default","ast-page-background-meta":{"desktop":{"background-color":"var(--ast-global-color-4)","background-image":"","background-repeat":"repeat","background-position":"center center","background-size":"auto","background-attachment":"scroll","background-type":"","background-media":"","overlay-type":"","overlay-color":"","overlay-opacity":"","overlay-gradient":""},"tablet":{"background-color":"","background-image":"","background-repeat":"repeat","background-position":"center center","background-size":"auto","background-attachment":"scroll","background-type":"","background-media":"","overlay-type":"","overlay-color":"","overlay-opacity":"","overlay-gradient":""},"mobile":{"background-color":"","background-image":"","background-repeat":"repeat","background-position":"center center","background-size":"auto","background-attachment":"scroll","background-type":"","background-media":"","overlay-type":"","overlay-color":"","overlay-opacity":"","overlay-gradient":""}},"ast-content-background-meta":{"desktop":{"background-color":"var(--ast-global-color-5)","background-image":"","background-repeat":"repeat","background-position":"center center","background-size":"auto","background-attachment":"scroll","background-type":"","background-media":"","overlay-type":"","overlay-color":"","overlay-opacity":"","overlay-gradient":""},"tablet":{"background-color":"var(--ast-global-color-5)","background-image":"","background-repeat":"repeat","background-position":"center center","background-size":"auto","background-attachment":"scroll","background-type":"","background-media":"","overlay-type":"","overlay-color":"","overlay-opacity":"","overlay-gradient":""},"mobile":{"background-color":"var(--ast-global-color-5)","background-image":"","background-repeat":"repeat","background-position":"center center","background-size":"auto","background-attachment":"scroll","background-type":"","background-media":"","overlay-type":"","overlay-color":"","overlay-opacity":"","overlay-gradient":""}},"footnotes":""},"class_list":["post-1432","page","type-page","status-publish","hentry"],"_links":{"self":[{"href":"https:\/\/agoraemprega.seje.gov.mz\/index.php?rest_route=\/wp\/v2\/pages\/1432","targetHints":{"allow":["GET"]}}],"collection":[{"href":"https:\/\/agoraemprega.seje.gov.mz\/index.php?rest_route=\/wp\/v2\/pages"}],"about":[{"href":"https:\/\/agoraemprega.seje.gov.mz\/index.php?rest_route=\/wp\/v2\/types\/page"}],"author":[{"embeddable":true,"href":"https:\/\/agoraemprega.seje.gov.mz\/index.php?rest_route=\/wp\/v2\/users\/1"}],"replies":[{"embeddable":true,"href":"https:\/\/agoraemprega.seje.gov.mz\/index.php?rest_route=%2Fwp%2Fv2%2Fcomments&post=1432"}],"version-history":[{"count":2,"href":"https:\/\/agoraemprega.seje.gov.mz\/index.php?rest_route=\/wp\/v2\/pages\/1432\/revisions"}],"predecessor-version":[{"id":1435,"href":"https:\/\/agoraemprega.seje.gov.mz\/index.php?rest_route=\/wp\/v2\/pages\/1432\/revisions\/1435"}],"wp:attachment":[{"href":"https:\/\/agoraemprega.seje.gov.mz\/index.php?rest_route=%2Fwp%2Fv2%2Fmedia&parent=1432"}],"curies":[{"name":"wp","href":"https:\/\/api.w.org\/{rel}","templated":true}]}}