{"id":493,"date":"2022-01-30T09:32:04","date_gmt":"2022-01-30T09:32:04","guid":{"rendered":"http:\/\/agoraemprega.ologa.com\/?page_id=493"},"modified":"2022-03-31T07:57:05","modified_gmt":"2022-03-31T07:57:05","slug":"perguntas-frequentes","status":"publish","type":"page","link":"https:\/\/agoraemprega.seje.gov.mz\/?page_id=493","title":{"rendered":"Perguntas Frequentes"},"content":{"rendered":"\t\t<div data-elementor-type=\"wp-page\" data-elementor-id=\"493\" class=\"elementor elementor-493\">\n\t\t\t\t\t\t<section class=\"elementor-section elementor-top-section elementor-element elementor-element-ad1913b elementor-section-boxed elementor-section-height-default elementor-section-height-default\" data-id=\"ad1913b\" data-element_type=\"section\" data-e-type=\"section\">\n\t\t\t\t\t\t<div class=\"elementor-container elementor-column-gap-default\">\n\t\t\t\t\t<div class=\"elementor-column elementor-col-100 elementor-top-column elementor-element elementor-element-0d6dc73\" data-id=\"0d6dc73\" data-element_type=\"column\" data-e-type=\"column\">\n\t\t\t<div class=\"elementor-widget-wrap elementor-element-populated\">\n\t\t\t\t\t\t<div class=\"elementor-element elementor-element-9f4e1a7 elementor-widget elementor-widget-text-editor\" data-id=\"9f4e1a7\" data-element_type=\"widget\" data-e-type=\"widget\" data-widget_type=\"text-editor.default\">\n\t\t\t\t<div class=\"elementor-widget-container\">\n\t\t\t\t\t\t\t\t\t<ol><li><strong>O QUE \u00c9 O AGORA EMPREGA?<\/strong><\/li><\/ol><p>O Agora Emprega, \u00e9 uma Competi\u00e7\u00e3o de Planos de Neg\u00f3cio no \u00e2mbito do Programa Emprega.<\/p><ol start=\"2\"><li><strong>QUAIS S\u00c3O OS SEUS OBJECTIVOS?<\/strong><\/li><\/ol><p>O Agora Emprega \u00e9 uma Competi\u00e7\u00e3o de Planos de Neg\u00f3cio que vai:<\/p><ul><li>ajudar as micro, pequenas e m\u00e9dias empresas a crescer e a criar oportunidades de emprego para jovens mo\u00e7ambicanos.<\/li><li>ajudar aos Jovens Empreendedores com uma ideia de neg\u00f3cio, a criar um neg\u00f3cio sustent\u00e1vel.<\/li><\/ul><ol start=\"3\"><li><strong>PARA QUEM \u00c9 O AGORA EMPREGA?<\/strong><\/li><\/ol><p>Mulheres, Homens, dos 18 aos 35 anos, de nacionalidade Mo\u00e7ambicana e que residam em Mo\u00e7ambique durante a implementa\u00e7\u00e3o da Competi\u00e7\u00e3o. Micro, PME\u2019s ou pessoas com uma ideia forte de criar um neg\u00f3cio sustent\u00e1vel.<\/p><ol start=\"4\"><li><strong>COMO VAI ACONTECER O AGORA EMPREGA?<\/strong><\/li><\/ol><p>O Agora Emprega vai compreender as seguintes etapas, que v\u00e3o se repetir na Fase Piloto (Maputo Cidade e Prov\u00edncia) e na Fase Nacional (abrangendo todo o pa\u00eds):<\/p><p>1.\u00a0Recepc\u00e3o de Candidaturas<br \/>\u00a0 \u00a0\u2022\u00a0Candidaturas online e f\u00edsicas &#8211; Fase Piloto (pelo menos: 1000) e Fase Nacional (pelo menos: 10000);<br \/>2. Avalia\u00e7\u00e3o e Selec\u00e7\u00e3o de candidaturas<br \/>\u00a0 \u00a0\u2022\u00a0Fase Piloto (max:350) e Fase Nacional (3500);<br \/>3. Treinamento na elabora\u00e7\u00e3o de Planos de Neg\u00f3cio<br \/>\u00a0 \u00a0\u2022\u00a0Fase Piloto (max: 350) Fase Nacional (max: 3500);<br \/>4. Submiss\u00e3o de Planos de Neg\u00f3cio pelos\/as concorrentes;<br \/>5. Avalia\u00e7\u00e3o e Selec\u00e7\u00e3o dos Planos de Neg\u00f3cio Vencedores e\u00a0<em>Due Dilligence<br \/><\/em>\u00a0 \u00a0\u2022\u00a0Fase Piloto (selecionar m\u00e1x: 50) e Fase Nacional (seleccionar m\u00e1x: 470)<br \/>6. Financiamento aos Neg\u00f3cios Vencedores (Desembolso da 1\u00aa e 2\u00aa tranches) e Monitoria aos Vencedores<br \/>7. Mentoria<em>\u00a0e Coaching\u00a0<\/em>dos Vencedores<br \/>8. Implementa\u00e7\u00e3o de Est\u00e1gios Profissionais<\/p><ol start=\"5\"><li><strong>QUANDO VAI ACONTECER O AGORA EMPREGA?<\/strong><\/li><\/ol><p>O Agora Emprega vai ter 2 grandes fases.<\/p><ol><li>Fase piloto, a ser implementada inicialmente na Cidade e Prov\u00edncia de Maputo, a decorrer de Mar\u00e7o de 2022 at\u00e9 Finais de Dezembro de 2022.<\/li><li>Fase Nacional, a ser implementada em todo o pa\u00eds entre Outubro de 2022 at\u00e9 Maio de 2025.<\/li><\/ol><ol start=\"6\"><li><strong>COMO POSSO PARTICIPAR?<\/strong><\/li><\/ol><p>Para participar tenho preencher o formul\u00e1rio de candidatura e apresentar a documenta\u00e7\u00e3o indicada para cada etapa. Posso participar de forma digital ou submetendo o formul\u00e1rio f\u00edsico nos locais que ser\u00e3o indicados.<\/p><ol start=\"7\"><li><strong>QUE DOCUMENTOS PRECISO PARA PARTICIPAR?<\/strong><\/li><\/ol><p>Para a submiss\u00e3o das candidaturas nenhum documento ser\u00e1 necess\u00e1rio.<\/p><ol start=\"8\"><li><strong>QUAL O MONTANTE M\u00c1XIMO A QUE ME POSSO CANDIDATAR NO AGORA EMPREGA?<\/strong><\/li><\/ol><p>O montante m\u00e1ximo a que posso candidatar-me \u00e9 de MZN 1.500.000.<\/p>\t\t\t\t\t\t\t\t<\/div>\n\t\t\t\t<\/div>\n\t\t\t\t\t<\/div>\n\t\t<\/div>\n\t\t\t\t\t<\/div>\n\t\t<\/section>\n\t\t\t\t<\/div>\n\t\t","protected":false},"excerpt":{"rendered":"<p>O QUE \u00c9 O AGORA EMPREGA? O Agora Emprega, \u00e9 uma Competi\u00e7\u00e3o de Planos de Neg\u00f3cio no \u00e2mbito do Programa Emprega. QUAIS S\u00c3O OS SEUS OBJECTIVOS? O Agora Emprega \u00e9 uma Competi\u00e7\u00e3o de Planos de Neg\u00f3cio que vai: ajudar as micro, pequenas e m\u00e9dias empresas a crescer e a criar oportunidades de emprego para jovens [&hellip;]<\/p>\n","protected":false},"author":2,"featured_media":0,"parent":0,"menu_order":0,"comment_status":"closed","ping_status":"closed","template":"","meta":{"site-sidebar-layout":"no-sidebar","site-content-layout":"page-builder","ast-site-content-layout":"default","site-content-style":"default","site-sidebar-style":"default","ast-global-header-display":"","ast-banner-title-visibility":"","ast-main-header-display":"","ast-hfb-above-header-display":"","ast-hfb-below-header-display":"","ast-hfb-mobile-header-display":"","site-post-title":"disabled","ast-breadcrumbs-content":"","ast-featured-img":"disabled","footer-sml-layout":"","theme-transparent-header-meta":"","adv-header-id-meta":"","stick-header-meta":"","header-above-stick-meta":"","header-main-stick-meta":"","header-below-stick-meta":"","astra-migrate-meta-layouts":"default","ast-page-background-enabled":"default","ast-page-background-meta":{"desktop":{"background-color":"var(--ast-global-color-4)","background-image":"","background-repeat":"repeat","background-position":"center center","background-size":"auto","background-attachment":"scroll","background-type":"","background-media":"","overlay-type":"","overlay-color":"","overlay-opacity":"","overlay-gradient":""},"tablet":{"background-color":"","background-image":"","background-repeat":"repeat","background-position":"center center","background-size":"auto","background-attachment":"scroll","background-type":"","background-media":"","overlay-type":"","overlay-color":"","overlay-opacity":"","overlay-gradient":""},"mobile":{"background-color":"","background-image":"","background-repeat":"repeat","background-position":"center center","background-size":"auto","background-attachment":"scroll","background-type":"","background-media":"","overlay-type":"","overlay-color":"","overlay-opacity":"","overlay-gradient":""}},"ast-content-background-meta":{"desktop":{"background-color":"var(--ast-global-color-5)","background-image":"","background-repeat":"repeat","background-position":"center center","background-size":"auto","background-attachment":"scroll","background-type":"","background-media":"","overlay-type":"","overlay-color":"","overlay-opacity":"","overlay-gradient":""},"tablet":{"background-color":"var(--ast-global-color-5)","background-image":"","background-repeat":"repeat","background-position":"center center","background-size":"auto","background-attachment":"scroll","background-type":"","background-media":"","overlay-type":"","overlay-color":"","overlay-opacity":"","overlay-gradient":""},"mobile":{"background-color":"var(--ast-global-color-5)","background-image":"","background-repeat":"repeat","background-position":"center center","background-size":"auto","background-attachment":"scroll","background-type":"","background-media":"","overlay-type":"","overlay-color":"","overlay-opacity":"","overlay-gradient":""}},"footnotes":""},"class_list":["post-493","page","type-page","status-publish","hentry"],"_links":{"self":[{"href":"https:\/\/agoraemprega.seje.gov.mz\/index.php?rest_route=\/wp\/v2\/pages\/493","targetHints":{"allow":["GET"]}}],"collection":[{"href":"https:\/\/agoraemprega.seje.gov.mz\/index.php?rest_route=\/wp\/v2\/pages"}],"about":[{"href":"https:\/\/agoraemprega.seje.gov.mz\/index.php?rest_route=\/wp\/v2\/types\/page"}],"author":[{"embeddable":true,"href":"https:\/\/agoraemprega.seje.gov.mz\/index.php?rest_route=\/wp\/v2\/users\/2"}],"replies":[{"embeddable":true,"href":"https:\/\/agoraemprega.seje.gov.mz\/index.php?rest_route=%2Fwp%2Fv2%2Fcomments&post=493"}],"version-history":[{"count":16,"href":"https:\/\/agoraemprega.seje.gov.mz\/index.php?rest_route=\/wp\/v2\/pages\/493\/revisions"}],"predecessor-version":[{"id":925,"href":"https:\/\/agoraemprega.seje.gov.mz\/index.php?rest_route=\/wp\/v2\/pages\/493\/revisions\/925"}],"wp:attachment":[{"href":"https:\/\/agoraemprega.seje.gov.mz\/index.php?rest_route=%2Fwp%2Fv2%2Fmedia&parent=493"}],"curies":[{"name":"wp","href":"https:\/\/api.w.org\/{rel}","templated":true}]}}