{"id":561,"date":"2022-02-18T14:00:19","date_gmt":"2022-02-18T14:00:19","guid":{"rendered":"http:\/\/agoraemprega.ologa.com\/?page_id=561"},"modified":"2022-03-28T01:33:58","modified_gmt":"2022-03-28T01:33:58","slug":"parceiros-de-comunicacao","status":"publish","type":"page","link":"https:\/\/agoraemprega.seje.gov.mz\/?page_id=561","title":{"rendered":"Parceiros de comunica\u00e7\u00e3o"},"content":{"rendered":"\t\t<div data-elementor-type=\"wp-page\" data-elementor-id=\"561\" class=\"elementor elementor-561\">\n\t\t\t\t\t\t<section class=\"elementor-section elementor-top-section elementor-element elementor-element-b3c23f3 elementor-section-boxed elementor-section-height-default elementor-section-height-default\" data-id=\"b3c23f3\" data-element_type=\"section\" data-e-type=\"section\">\n\t\t\t\t\t\t<div class=\"elementor-container elementor-column-gap-default\">\n\t\t\t\t\t<div class=\"elementor-column elementor-col-100 elementor-top-column elementor-element elementor-element-38bb387\" data-id=\"38bb387\" data-element_type=\"column\" data-e-type=\"column\">\n\t\t\t<div class=\"elementor-widget-wrap elementor-element-populated\">\n\t\t\t\t\t\t<div class=\"elementor-element elementor-element-e143e2d elementor-widget elementor-widget-text-editor\" data-id=\"e143e2d\" data-element_type=\"widget\" data-e-type=\"widget\" data-widget_type=\"text-editor.default\">\n\t\t\t\t<div class=\"elementor-widget-container\">\n\t\t\t\t\t\t\t\t\t<p>O Agora Emprega contar\u00e1 com parceiros de comunica\u00e7\u00e3o para a sua implementa\u00e7\u00e3o. Estes parceiros ajudar\u00e3o a fornecer informa\u00e7\u00f5es\u00a0 sobre a Competi\u00e7\u00e3o de Planos de Neg\u00f3cio (CPN) por meio da publica\u00e7\u00e3o e divulga\u00e7\u00e3o de conte\u00fados relacionados ao Agora Emprega assim como providenciar esclarecimentos e recolha de candidaturas f\u00edsicas. Os parceiros estr\u00e3o distribu\u00eddos em 3 n\u00edveis:<\/p><h4><strong>Parceiros de N\u00edvel 1:<\/strong><\/h4><p>Estes fornecer\u00e3o informa\u00e7\u00f5es sobre a CPN por meio de divulga\u00e7\u00e3o e publica\u00e7\u00e3o de conte\u00fados relacionados com o AgoraEmprega. Este parceiros incluem os seguintes:<\/p><ul><li>Millennium BIM<\/li><li>Access Bank<\/li><li>MUVA<\/li><\/ul><h4><strong>Parceiros de N\u00edvel 2:<\/strong><\/h4><p>Estes parceiros fornecer\u00e3o informa\u00e7\u00f5es sobre a CPN por meio de divulga\u00e7\u00e3o e publica\u00e7\u00e3o de conte\u00fados relacionados com o Agora Emprega. Estes ainda servir\u00e3o como pontos de entrega dos formul\u00e1rios de inscri\u00e7\u00e3o no formato f\u00edsico. Fazem parte desta lista os seguintes parceiros:<\/p><ul><li>ICEF<\/li><li>CTA<\/li><li>FEMME<\/li><li>CESC<\/li><li>Universidade Tecnica<\/li><li>Universidade S\u00e3o Tom\u00e1s<\/li><li>FEMME<\/li><\/ul><p>Cartazes identificar\u00e3o os pontos de recolha de candidaturas, onde caixas seladas\u00a0 em mesas devidamente identificadas com o logotipo do Programa e CPN estar\u00e3o vis\u00edveis.<\/p><h4><strong>Parceiros de N\u00edvel 3: <\/strong>\u00a0<\/h4><p>Estes parceiros realizar\u00e3o sess\u00f5es informativas sobre a CPN, onde dar\u00e3o apoio na dissemina\u00e7\u00e3o de informa\u00e7\u00f5es sobre as directrizes da competi\u00e7\u00e3o, bem como, a participa\u00e7\u00e3o atrav\u00e9s do uso de plataformas digitais\/website do Agora Emprega. Servir\u00e3o igualmente, como pontos de recolha e entrega de formul\u00e1rios f\u00edsicos de candidatura. Fazem parte desta lista de parceiros os seguintes:<\/p><ul><li>CNJ<\/li><li>NEDBANK<\/li><li>BCI<\/li><li>UNITIVA<\/li><li>Instituto Dom Bosco<\/li><\/ul>\t\t\t\t\t\t\t\t<\/div>\n\t\t\t\t<\/div>\n\t\t\t\t\t<\/div>\n\t\t<\/div>\n\t\t\t\t\t<\/div>\n\t\t<\/section>\n\t\t\t\t<\/div>\n\t\t","protected":false},"excerpt":{"rendered":"<p>O Agora Emprega contar\u00e1 com parceiros de comunica\u00e7\u00e3o para a sua implementa\u00e7\u00e3o. Estes parceiros ajudar\u00e3o a fornecer informa\u00e7\u00f5es\u00a0 sobre a Competi\u00e7\u00e3o de Planos de Neg\u00f3cio (CPN) por meio da publica\u00e7\u00e3o e divulga\u00e7\u00e3o de conte\u00fados relacionados ao Agora Emprega assim como providenciar esclarecimentos e recolha de candidaturas f\u00edsicas. Os parceiros estr\u00e3o distribu\u00eddos em 3 n\u00edveis: Parceiros [&hellip;]<\/p>\n","protected":false},"author":2,"featured_media":0,"parent":0,"menu_order":0,"comment_status":"closed","ping_status":"closed","template":"","meta":{"site-sidebar-layout":"no-sidebar","site-content-layout":"page-builder","ast-site-content-layout":"default","site-content-style":"default","site-sidebar-style":"default","ast-global-header-display":"","ast-banner-title-visibility":"","ast-main-header-display":"","ast-hfb-above-header-display":"","ast-hfb-below-header-display":"","ast-hfb-mobile-header-display":"","site-post-title":"disabled","ast-breadcrumbs-content":"","ast-featured-img":"disabled","footer-sml-layout":"","theme-transparent-header-meta":"","adv-header-id-meta":"","stick-header-meta":"","header-above-stick-meta":"","header-main-stick-meta":"","header-below-stick-meta":"","astra-migrate-meta-layouts":"default","ast-page-background-enabled":"default","ast-page-background-meta":{"desktop":{"background-color":"var(--ast-global-color-4)","background-image":"","background-repeat":"repeat","background-position":"center center","background-size":"auto","background-attachment":"scroll","background-type":"","background-media":"","overlay-type":"","overlay-color":"","overlay-opacity":"","overlay-gradient":""},"tablet":{"background-color":"","background-image":"","background-repeat":"repeat","background-position":"center center","background-size":"auto","background-attachment":"scroll","background-type":"","background-media":"","overlay-type":"","overlay-color":"","overlay-opacity":"","overlay-gradient":""},"mobile":{"background-color":"","background-image":"","background-repeat":"repeat","background-position":"center center","background-size":"auto","background-attachment":"scroll","background-type":"","background-media":"","overlay-type":"","overlay-color":"","overlay-opacity":"","overlay-gradient":""}},"ast-content-background-meta":{"desktop":{"background-color":"var(--ast-global-color-5)","background-image":"","background-repeat":"repeat","background-position":"center center","background-size":"auto","background-attachment":"scroll","background-type":"","background-media":"","overlay-type":"","overlay-color":"","overlay-opacity":"","overlay-gradient":""},"tablet":{"background-color":"var(--ast-global-color-5)","background-image":"","background-repeat":"repeat","background-position":"center center","background-size":"auto","background-attachment":"scroll","background-type":"","background-media":"","overlay-type":"","overlay-color":"","overlay-opacity":"","overlay-gradient":""},"mobile":{"background-color":"var(--ast-global-color-5)","background-image":"","background-repeat":"repeat","background-position":"center center","background-size":"auto","background-attachment":"scroll","background-type":"","background-media":"","overlay-type":"","overlay-color":"","overlay-opacity":"","overlay-gradient":""}},"footnotes":""},"class_list":["post-561","page","type-page","status-publish","hentry"],"_links":{"self":[{"href":"https:\/\/agoraemprega.seje.gov.mz\/index.php?rest_route=\/wp\/v2\/pages\/561","targetHints":{"allow":["GET"]}}],"collection":[{"href":"https:\/\/agoraemprega.seje.gov.mz\/index.php?rest_route=\/wp\/v2\/pages"}],"about":[{"href":"https:\/\/agoraemprega.seje.gov.mz\/index.php?rest_route=\/wp\/v2\/types\/page"}],"author":[{"embeddable":true,"href":"https:\/\/agoraemprega.seje.gov.mz\/index.php?rest_route=\/wp\/v2\/users\/2"}],"replies":[{"embeddable":true,"href":"https:\/\/agoraemprega.seje.gov.mz\/index.php?rest_route=%2Fwp%2Fv2%2Fcomments&post=561"}],"version-history":[{"count":7,"href":"https:\/\/agoraemprega.seje.gov.mz\/index.php?rest_route=\/wp\/v2\/pages\/561\/revisions"}],"predecessor-version":[{"id":895,"href":"https:\/\/agoraemprega.seje.gov.mz\/index.php?rest_route=\/wp\/v2\/pages\/561\/revisions\/895"}],"wp:attachment":[{"href":"https:\/\/agoraemprega.seje.gov.mz\/index.php?rest_route=%2Fwp%2Fv2%2Fmedia&parent=561"}],"curies":[{"name":"wp","href":"https:\/\/api.w.org\/{rel}","templated":true}]}}